{"id":3,"date":"2018-08-02T16:48:01","date_gmt":"2018-08-02T14:48:01","guid":{"rendered":"http:\/\/www.sv-hirten.de\/wordpress\/?page_id=3"},"modified":"2023-07-10T10:38:00","modified_gmt":"2023-07-10T08:38:00","slug":"datenschutzerklaerung","status":"publish","type":"page","link":"https:\/\/www.sv-hirten.de\/wordpress\/datenschutzerklaerung\/","title":{"rendered":"Datenschutz \/ Impressum"},"content":{"rendered":"<p><strong>Datenschutz \/ Impressum<\/strong><\/p>\n<p><strong>Sport-Verein Hirten e.V. <\/strong>(im Folgenden SVH)<\/p>\n<p>Anschrift:<br \/>\nEschenstra\u00dfe<br \/>\n84508 Hirten<\/p>\n<p>Vorstand:<br \/>\nVorsitzender: Herbert Hamberger<\/p>\n<p>USt.-IdNr.: DE 141\/110\/81604<\/p>\n<p>Inhaltlich Verantwortlicher gem\u00e4\u00df \u00a7 7 TMG:<br \/>\nHerbert Hamberger<\/p>\n<p>Webmaster und Design: Bernd Hausladen<\/p>\n<p>Diensteanbieter im Sinne des RStV\/TMG:<\/p>\n<p>Sport-Verein Hirten e.V.<\/p>\n<p>Eschenstra\u00dfe<br \/>\n84508 Hirten<\/p>\n<p><strong>Copyright<\/strong><\/p>\n<p>Falls nicht anders angegeben, unterliegen alle Seiten des Webangebots des SVH dem Urheberrecht (Copyright). Dies gilt insbesondere f\u00fcr Texte, Bilder, Grafiken, Ton-, Video- oder Animationsdateien. Eine Vervielf\u00e4ltigung oder Verwendung solcher Seiten (oder Teilen davon) in anderen elektronischen oder gedruckten Publikationen und deren Ver\u00f6ffentlichung (auch im Internet) ist nur nach vorheriger Genehmigung gestattet. Die Genehmigung zur Publikation der Webseiten kann das Homepage-Team erteilen.<\/p>\n<p>[Der Nachdruck und die Auswertung von Pressemitteilungen und Reden ist mit Quellenangabe generell gestattet.]<\/p>\n<p>Weiterhin k\u00f6nnen Bilder, Grafiken, Text- oder sonstige Dateien ganz oder teilweise dem Urheberrecht Dritter unterliegen. Alle innerhalb des Internetangebots genannten und ggf. durch Dritte gesch\u00fctzten Marken- und Warenzeichen unterliegen uneingeschr\u00e4nkt den Bestimmungen des jeweils g\u00fcltigen Kennzeichenrechts und den Besitzrechten der jeweiligen eingetragenen Eigent\u00fcmer. Allein aus der blo\u00dfen Nennung in unserem Internetangebot ist nicht der Schluss zu ziehen, dass Markenzeichen nicht durch Rechte Dritter gesch\u00fctzt sind.<\/p>\n<p><strong>Haftungsausschluss<\/strong><\/p>\n<p>Der SVH hat alle in seinem Bereich bereitgestellten Informationen nach bestem Wissen und Gewissen erarbeitet und gepr\u00fcft. Es wird jedoch keine Gew\u00e4hr f\u00fcr die Aktualit\u00e4t, Richtigkeit, Vollst\u00e4ndigkeit oder Qualit\u00e4t und jederzeitige Verf\u00fcgbarkeit der bereitgestellten Informationen \u00fcbernommen.<\/p>\n<p>Unbeschadet der Regelungen des \u00a7 675 Absatz 2 BGB gilt f\u00fcr das bereitgestellte Informationsangebot folgende Haftungsbeschr\u00e4nkung:<\/p>\n<p>Der SVH\u00a0 haftet nicht f\u00fcr Sch\u00e4den, die durch die Nutzung oder Nichtnutzung der im Internetangebot des SVH entstehen. F\u00fcr etwaige Sch\u00e4den, die beim Aufrufen oder Herunterladen von Daten durch Computerviren oder der Installation oder Nutzung von Software verursacht werden, wird nicht gehaftet.<br \/>\nNamentlich gekennzeichnete Internetseiten geben die Auffassungen und Erkenntnisse der abfassenden Personen wieder.<\/p>\n<p>Der SVH beh\u00e4lt es sich ausdr\u00fccklich vor, einzelne Webseiten oder das gesamte Angebot ohne gesonderte Ank\u00fcndigung zu ver\u00e4ndern, zu erg\u00e4nzen, zu l\u00f6schen oder die Ver\u00f6ffentlichung zeitweise oder endg\u00fcltig einzustellen.<\/p>\n<p><strong>Links und Verweise (Disclaimer)<\/strong><\/p>\n<p>Nach \u00a7 7 (2) TMG sind wir f\u00fcr eigene Inhalte, also Inhalte, die von uns selbst erstellt und ver\u00f6ffentlicht wurden, nach Ma\u00dfgabe der allgemeinen Gesetze verantwortlich. Der SVH\u00a0 ist nur f\u00fcr die \u201eeigenen Inhalte\u201c, die es zur Nutzung bereith\u00e4lt, nach den einschl\u00e4gigen Gesetzen verantwortlich.<br \/>\nVon diesen eigenen Inhalten sind Querverweise (\u201eLinks\u201c) auf die Webseiten anderer Anbieter zu unterscheiden. Durch den als \u201eLink\u201c gekennzeichneten Querverweis erm\u00f6glicht der SVH den Zugang zu \u201efremden Inhalten\u201c. Durch den Querverweis vermittelt das Kumax lediglich den Zugang zur Nutzung dieser Inhalte. F\u00fcr diese \u201efremden\u201c Inhalte ist es nicht verantwortlich, da es die \u00dcbermittlung der Information nicht veranlasst, den Adressaten der \u00fcbermittelten Informationen nicht ausw\u00e4hlt und die \u00fcbermittelten Informationen auch nicht ausgew\u00e4hlt oder ver\u00e4ndert hat. Auch eine automatische kurzzeitige Zwischenspeicherung dieser \u201efremden Informationen\u201c erfolgt wegen der gew\u00e4hlten Aufruf- und Verlinkungsmethodik nicht, so dass sich auch dadurch keine Verantwortlichkeit des SVH\u00a0 f\u00fcr diese fremden Inhalte ergibt.<br \/>\nF\u00fcr illegale, fehlerhafte oder unvollst\u00e4ndige Inhalte und insbesondere f\u00fcr Sch\u00e4den, die aus der Nutzung oder Nichtnutzung von Informationen Dritter entstehen, haftet allein der jeweilige Anbieter der Seite, auf welche verwiesen wurde.<\/p>\n<p>Bei der erstmaligen Verkn\u00fcpfung mit Internetangeboten anderer Anbieter hat die Internetredaktion des SVH\u00a0 den fremden Inhalt darauf \u00fcberpr\u00fcft, ob durch ihn eine m\u00f6gliche zivilrechtliche oder strafrechtliche Verantwortlichkeit ausgel\u00f6st wird. Eine permanente \u00dcberpr\u00fcfung fremder Inhalte ist jedoch nicht m\u00f6glich. Sobald der SVH aber feststellt oder von Dritten darauf hingewiesen wird, dass ein konkretes Angebot, zu dem es einen Link bereitgestellt hat, eine zivil- oder strafrechtliche Verantwortlichkeit ausl\u00f6st, wird es den Verweis auf dieses Angebot unverz\u00fcglich aufheben, soweit es technisch m\u00f6glich und zumutbar ist.<\/p>\n<p><strong>Keine Abmahnung ohne vorherigen Kontakt<\/strong><\/p>\n<p>Sollte irgendein Inhalt oder die designtechnische Gestaltung einzelner Seiten oder Teile dieser Homepage fremde Rechte Dritter oder gesetzliche Bestimmungen verletzen oder anderweitig in irgendeiner Form wettbewerbsrechtliche Probleme hervorbringen, so bitten wir unter Berufung auf \u00a7 8 Abs. 4 UWG um eine angemessene, ausreichend erl\u00e4uternde und schnelle Nachricht ohne Kostennote.<\/p>\n<p>Wir garantieren, dass die zu Recht beanstandeten Passagen oder Teile dieser Webseiten in angemessener Frist entfernt bzw. den rechtlichen Vorgaben umf\u00e4nglich angepasst werden, ohne dass von Ihrer Seite die Einschaltung eines Rechtsbeistandes erforderlich ist. Die Einschaltung eines Anwaltes zur f\u00fcr den Diensteanbieter kostenpflichtigen Abmahnung entspricht nicht dessen wirklichem oder mutma\u00dflichem Willen und w\u00fcrde damit einen Versto\u00df gegen \u00a7 13 Abs. 5 UWG wegen der Verfolgung sachfremder Ziele als beherrschendes Motiv der Verfahrenseinleitung, insbesondere einer Kostenerzielungsabsicht als eigentliche Triebfeder, sowie einen Versto\u00df gegen die Schadensminderungspflicht darstellen.<\/p>\n<p><strong>Datenschutzerkl\u00e4rung \/ Privacy Policy<\/strong><\/p>\n<p>Der <strong>Sport-Verein Hirten e.V. <\/strong>(im Folgenden SVH) nimmt als Anbieter der Website www.svhirten.de und verantwortliche Stelle die Verpflichtung zum Datenschutz sehr ernst und gestaltet seine Website so, dass nur so wenige personenbezogene Daten wie n\u00f6tig erhoben, verarbeitet und genutzt werden. Unter keinen Umst\u00e4nden werden personenbezogene Daten zu Werbezwecken an Dritte vermietet oder verkauft. Ohne die ausdr\u00fcckliche Einwilligung des Besuchers werden keine personenbezogenen Daten f\u00fcr Werbe- oder Marketingzwecke genutzt.<\/p>\n<p>Zugriff auf personenbezogene Daten haben beim SVH nur solche Personen, die diese Daten zur Durchf\u00fchrung ihrer Aufgaben innerhalb der verantwortlichen Stelle ben\u00f6tigen, die \u00fcber die gesetzlichen Bestimmungen zum Datenschutz informiert sind und sich gem\u00e4\u00df der geltenden gesetzlichen Bestimmungen (\u00a7 5 Bundesdatenschutzgesetzes [BDSG], bzw. Art. 5 der EU-Datenschutzgrundverordnung [EU-DSGVO]) verpflichtet haben, diese einzuhalten. Die Erhebung, Verarbeitung, Nutzung und \u00dcbermittlung der erhobenen personenbezogenen Daten erfolgt nach \u00a7 28 Abs. 1 und Abs. 3 BDSG, bzw., ab dem 25.05.2018, Art. 6. Abs. 1 EU-DSGVO, jeweils nur in dem Umfang, der f\u00fcr die Durchf\u00fchrung eines Vertragsverh\u00e4ltnisses zwischen dem SVH, als verantwortlicher Stelle, und dem Besucher, als Betroffenem, erforderlich ist.<\/p>\n<p><strong>Zweck\u00e4nderungen der Verarbeitung und Datennutzung<\/strong><\/p>\n<p>Da sich auf Grund des technischen Fortschritts und organisatorischer \u00c4nderungen der eingesetzten Verarbeitungsverfahren \u00e4ndern\/weiterentwickeln k\u00f6nnen behalten wir uns vor, die vorliegende Datenschutzerkl\u00e4rung gem\u00e4\u00df den neuen technischen Rahmenbedingungen weiterzuentwickeln. Wir bitten Sie deshalb die Datenschutzerkl\u00e4rung von <a href=\"http:\/\/www.svhirten.de\">www.svhirten.de<\/a> von Zeit zu Zeit zu \u00fcberpr\u00fcfen. Sollten Sie mit den im Verlaufe der Zeit auftretenden Weiterentwicklungen nicht einverstanden sein, so k\u00f6nnen Sie schriftlich, gem\u00e4\u00df<br \/>\nArt. 17 EU-DSGVO, eine L\u00f6schung der Daten, die nicht auf Grundlage anderer gesetzlicher Vorgaben, wie handelsrechtlicher oder steuerrechtlicher Aufbewahrungspflichten, gespeichert werden, verlangen.<\/p>\n<p><strong>Anonyme Datenerhebung<\/strong><\/p>\n<p>Sie k\u00f6nnen die Webseiten der verantwortlichen Stelle grunds\u00e4tzlich besuchen, ohne uns mitzuteilen, wer Sie sind. Wir erfahren nur den Namen Ihres Internet Service Providers, die Webseite, von der aus Sie uns besuchen, und die Webseiten, die Sie bei uns besuchen. Diese Informationen werden zu statistischen Zwecken ausgewertet. Sie bleiben als einzelner Nutzer hierbei anonym.<\/p>\n<p><strong>Erhebung und Verarbeitung personenbezogener Daten<\/strong><\/p>\n<p>Personenbezogene Daten werden nur erhoben, wenn Sie uns diese von sich aus, zum Beispiel zum Zwecke der Durchf\u00fchrung eines Vertragsverh\u00e4ltnisses zwischen dem SVH, als verantwortlicher Stelle, und dem Besucher, als Betroffenem, mitteilen. Die verantwortliche Stelle h\u00e4lt sich dabei an die Vorgaben der Art. 5 und 6 EU-DSGVO. Die Verarbeitung und Nutzung Ihrer personenbezogenen Daten erfolgt nach den Vorgaben des BDSG bzw., ab 25.05.2018, der EU-DSGVO.<\/p>\n<p><strong>Export und Verarbeitung der Daten in Staaten au\u00dferhalb des Europ\u00e4ischen Wirtschaftsraumes<\/strong><\/p>\n<p>Es findet kein Export ihrer personenbezogenen Daten in Staaten au\u00dferhalb des Europ\u00e4ischen Wirtschaftsraumes (im Folgenden EWR) statt.<\/p>\n<p>Trotzdem k\u00f6nnen, soweit Sie sich in Facebook eingeloggt haben oder einen Twitter-Account oder ein Instagram-Account besitzen, personenbezogene Daten in die USA exportiert werden. Zu n\u00e4heren Erl\u00e4uterungen und zu M\u00f6glichkeiten diesen Datenexport zu verhindern lesen Sie bitte den Gliederungspunkt \u201eVerwendung von Facebook Social Plugins\u201c, bzw. \u201eVerwendung von Twitter\u201c, bzw. \u201eVerwendung von Instagram Social Plugins\u201c der vorliegenden Datenschutzerkl\u00e4rung.<\/p>\n<p>Eine \u00dcbermittlung von personenbezogenen Daten an Google im Rahmen der Nutzung von Analyseprogrammen durch die verantwortliche Stelle findet hingegen nicht statt, da Ihre IP-Adresse nur anonymisiert \u00fcbermittelt wird. Lesen Sie dazu bitte den Punkt \u201eVerwendung von Analyseprogrammen\u201c der vorliegenden Datenschutzerkl\u00e4rung.<\/p>\n<p>Soweit Sie sich bei Google eingeloggt haben oder Youtube-Account besitzen, k\u00f6nnen personenbezogene Daten in die USA exportiert werden. Zu n\u00e4heren Erl\u00e4uterungen und zu M\u00f6glichkeiten diesen Datenexport zu verhindern beachten Sie bitte den Gliederungspunkt \u201eVerwendung von YouTube-Plugins\u201c.<\/p>\n<p>Die von der verantwortlichen Stelle eingeschalteten Dienstleister haben ihren Sitz und betreiben ihre IT-Infrastruktur ausschlie\u00dflich innerhalb des EWR. Dies gilt auch f\u00fcr eine eventuelle Nutzung von Cloud-basierenden Diensten. Mit den Dienstleistern bestehen Vertr\u00e4ge die die Datenschutz- und Datensicherheits-Vorgaben der Europ\u00e4ischen Datenschutzrichtlinie (95\/46\/EG) und des deutschen Datenschutzrechts, bzw., ab dem 25.05.2018, der EU-DSGVO entsprechen. Auch im Falle der Einschaltung von externen Dienstleistern bleibt der TVA die f\u00fcr die Verarbeitung verantwortliche Stelle.<\/p>\n<p><strong>Nutzung und Weitergabe personenbezogener Daten<\/strong><\/p>\n<p>Die im Rahmen der Webseiten der verantwortlichen Stelle erhobenen personenbezogenen Daten werden ohne Ihre Einwilligung nur zur Vertragsabwicklung und Bearbeitung Ihrer Anfragen genutzt. Dar\u00fcber hinaus erfolgt eine Nutzung Ihrer Daten f\u00fcr Zwecke der Werbung und Marktforschung der verantwortlichen Stelle nur, wenn Sie hierzu zuvor Ihre Einwilligung erteilt haben. Im \u00dcbrigen findet keine Weitergabe an sonstige Dritte statt. Ihre jeweilige Einwilligung k\u00f6nnen Sie selbstverst\u00e4ndlich jederzeit mit Wirkung f\u00fcr die Zukunft widerrufen.<\/p>\n<p><strong>Externe Links<\/strong><\/p>\n<p>Zu Ihrer Information finden Sie auf unseren Seiten Links, die auf Seiten Dritter verweisen. Soweit dies nicht offensichtlich erkennbar ist, weisen wir Sie darauf hin, dass es sich um einen externen Link handelt. Die verantwortliche Stelle hat keinerlei Einfluss auf den Inhalt und die Gestaltung dieser Seiten anderer Anbieter. Die Garantien dieser Datenschutzerkl\u00e4rung gelten daher f\u00fcr externe Anbieter nicht.<\/p>\n<p><strong>Einsatz von Cookies<\/strong><\/p>\n<p>Die verantwortliche Stelle verwendet sogenannte \u201eCookies\u201c, um die Online-Erfahrung und Online-Zeit des Kunden individuell auszugestalten und zu optimieren. Ein Cookie ist eine Textdatei, die entweder tempor\u00e4r im Arbeitsspeicher des Computers abgelegt (\u201eSitzungscookie\u201c) oder auf der Festplatte gespeichert wird (\u201epermanenter\u201c Cookie). Cookies enthalten z.B. Informationen \u00fcber die bisherigen Zugriffe des Nutzers auf den entsprechenden Server bzw. Informationen dar\u00fcber, welche Angebote bisher aufgerufen wurden. Cookies werden nicht dazu eingesetzt, um Programme auszuf\u00fchren oder Viren auf Ihren Computer zu laden. Hauptzweck von Cookies ist vielmehr, ein speziell auf den Kunden zugeschnittenes Angebot bereitzustellen und die Nutzung des Service so komfortabel wie m\u00f6glich zu gestalten.<\/p>\n<p>Die verantwortliche Stelle verwendet Sitzungscookies sowie permanente Cookies.<\/p>\n<p><strong>Sitzungscookies<\/strong><\/p>\n<p>Die verantwortliche Stelle verwendet \u00fcberwiegend \u201eSitzungscookies\u201c, die nicht auf der Festplatte des Kunden gespeichert werden und die mit Verlassen des Browsers gel\u00f6scht werden. Sitzungscookies werden hierbei zur Login-Authentifizierung und zum Load-Balancing (Ausgleich der System-Belastung) verwendet.<\/p>\n<p><strong>Permanente Cookies<\/strong><\/p>\n<p>Dar\u00fcber hinaus verwendet die verantwortliche Stelle \u201epermanente Cookies\u201c, um die pers\u00f6nlichen Nutzungseinstellungen, die ein Kunde bei der Nutzung der Services der verantwortlichen Stelle eingibt, zu speichern und so eine Personalisierung und Verbesserung des Service vornehmen zu k\u00f6nnen. Durch die permanenten Cookies wird sichergestellt, dass der Kunde bei einem erneuten Besuch der Webseiten der verantwortlichen Stelle seine pers\u00f6nlichen Einstellungen wieder vorfindet. Daneben verwenden die Dienstleister, die die verantwortliche Stelle mit der Analyse des Nutzerverhaltens beauftragt hat, permanente Cookies, um wiederkehrende Nutzer erkennen zu k\u00f6nnen. Diese Dienste speichern die vom Cookie \u00fcbermittelten Daten ausschlie\u00dflich anonym ab. Eine Zuordnung zur IP-Adresse des Kunden wird nicht vorgehalten.<\/p>\n<p><strong>Vermeidung von Cookies<\/strong><\/p>\n<p>Der Besucher hat jederzeit die M\u00f6glichkeit, das Setzen von Cookies abzulehnen. Dies geschieht in der Regel durch die Wahl der entsprechenden Option in den Einstellungen des Browsers oder durch zus\u00e4tzliche Programme. N\u00e4heres ist der Hilfe-Funktion des kundenseitig verwendeten Browsers zu entnehmen. Entscheidet sich der Kunde f\u00fcr die Ausschaltung von Cookies, kann dies den Leistungsumfang des Services mindern und sich bei der Nutzung der Dienste der verantwortlichen negativ bemerkbar machen.<\/p>\n<p><strong>Auswertung des Nutzungsverhaltens (Reichweitenmessung)<\/strong><\/p>\n<p>Wir f\u00fchren eine Reichweitenmessung anhand statistischer Daten durch. IP-Adressen werden auf Domain-Ebene anonymisiert, so dass es nicht mehr m\u00f6glich ist, einen Bezug auf einzelne Nutzer herzustellen.<\/p>\n<p><strong>Google Analytics<\/strong><\/p>\n<p>Diese Website nutzt den Dienst \u201eGoogle Analytics\u201c, welcher von der Google Inc. (1600 Amphitheatre Parkway Mountain View, CA 94043, USA) angeboten wird, zur Analyse der Websitebenutzung durch Nutzer. Der Dienst verwendet \u201eCookies\u201c \u2013 Textdateien, welche auf Ihrem Endger\u00e4t gespeichert werden. Die durch die Cookies gesammelten Informationen werden im Regelfall an einen Google-Server in den USA gesandt und dort gespeichert.<\/p>\n<p>Auf dieser Website greift die IP-Anonymisierung. Die IP-Adresse der Nutzer wird innerhalb der Mitgliedsstaaten der EU und des Europ\u00e4ischen Wirtschaftsraum gek\u00fcrzt. Durch diese K\u00fcrzung entf\u00e4llt der Personenbezug Ihrer IP-Adresse. Im Rahmen der Vereinbarung zur Auftragsdatenvereinbarung, welche die Websitebetreiber mit der Google Inc. geschlossen haben, erstellt diese mithilfe der gesammelten Informationen eine Auswertung der Websitenutzung und der Websiteaktivit\u00e4t und erbringt mit der Internetnutzung verbundene Dienstleistungen.<\/p>\n<p>Sie haben die M\u00f6glichkeit, die Speicherung des Cookies auf Ihrem Ger\u00e4t zu verhindern, indem Sie in Ihrem Browser entsprechende Einstellungen vornehmen. Es ist nicht gew\u00e4hrleistet, dass Sie auf alle Funktionen dieser Website ohne Einschr\u00e4nkungen zugreifen k\u00f6nnen, wenn Ihr Browser keine Cookies zul\u00e4sst.<\/p>\n<p>Weiterhin k\u00f6nnen Sie durch ein Browser-Plugin verhindern, dass die durch Cookies gesammelten Informationen (inklusive Ihrer IP-Adresse) an die Google Inc. gesendet und von der Google Inc. genutzt werden. Folgender <a href=\"https:\/\/tools.google.com\/dlpage\/gaoptout?hl=de Hier finden Sie weitere Informationen zur Datennutzung durch die Google Inc.: https:\/\/support.google.com\/analytics\/answer\/6004245?hl=de\" target=\"_blank\" rel=\"noopener noreferrer\" data-wplink-url-error=\"true\">Link<\/a> f\u00fchrt Sie zu dem entsprechenden Plugin: https:\/\/tools.google.com\/dlpage\/gaoptout?hl=de<br \/>\nHier finden Sie weitere Informationen zur Datennutzung durch die Google Inc.: https:\/\/support.google.com\/analytics\/answer\/6004245?hl=de<\/p>\n<p><strong>Verwendung von Facebook Social Plugins<\/strong><\/p>\n<p>Die verantwortliche Stelle verwendet auf ihrer Website Social Plugins (\u201ePlugins\u201c) des sozialen Netzwerkes facebook.com, welches von der Facebook Inc., 1601 S. California Ave, Palo Alto, CA 94304, USA betrieben wird (\u201eFacebook\u201c). Die Plugins sind mit einem Facebook Logo gekennzeichnet. Wenn der Kunde eine Webseite der verantwortlichen Stelle aufruft, die ein solches PlugIn enth\u00e4lt, baut der Browser des Kunden eine direkte Verbindung mit den Servern von Facebook auf. Der Inhalt des Plugins wird von Facebook direkt an den Browser des Kunden \u00fcbermittelt und von diesem in die Webseite eingebunden.<\/p>\n<p>Durch die Einbindung der Plugins erh\u00e4lt Facebook die Information, dass der Kunde die entsprechende Seite des Internetauftritts der verantwortlichen Stelle aufgerufen hat. Ist der Kunde bei Facebook eingeloggt, kann Facebook den Besuch des Kunden seinem Facebook-Konto zuordnen. Wenn der Kunde mit den Plugins interagiert, zum Beispiel den \u201eGef\u00e4llt mir\u201c Button bet\u00e4tigen oder einen Kommentar abgibt, wird die entsprechende Information von dem Browser des Kunden direkt an Facebook \u00fcbermittelt und dort gespeichert.<\/p>\n<p>Zweck und Umfang der Datenerhebung und die weitere Verarbeitung und Nutzung der Daten durch Facebook sowie diesbez\u00fcgliche Rechte und Einstellungsm\u00f6glichkeiten des Kunden zum Schutz seiner Privatsph\u00e4re ist den Datenschutzhinweisen von Facebook zu entnehmen.<\/p>\n<p>Sollte der Kunde nicht wollen, dass Facebook in der vorbeschriebenen Weise Daten sammelt, muss der Kunde sich vor seinem Besuch des Internetauftritts der verantwortlichen Stelle bei Facebook ausloggen.<\/p>\n<p><strong>Verwendung von Twitter<\/strong><\/p>\n<p>Die verantwortliche Stelle verwendet auf ihrer Website Funktionen des Dienstes Twitter. Diese Funktionen werden angeboten durch die Twitter Inc., Twitter, Inc. 1355 Market St, Suite 900, San Francisco, CA 94103, USA. Durch das Benutzen von Twitter und der Funktion \u201eRe-Tweet\u201c werden die von Ihnen besuchten Webseiten mit Ihrem Twitter-Account verkn\u00fcpft und anderen Nutzern bekannt gegeben. Dabei werden auch Daten an Twitter \u00fcbertragen.<\/p>\n<p>Wir weisen darauf hin, dass wir als Anbieter der Seiten keine Kenntnis vom Inhalt der \u00fcbermittelten Daten sowie deren Nutzung durch Twitter erhalten. Weitere Informationen hierzu finden Sie in der Datenschutzerkl\u00e4rung von Twitter unter: www.twitter.com\/privacy<\/p>\n<p>Ihre Datenschutzeinstellungen bei Twitter k\u00f6nnen Sie in den Konto-Einstellungen \u00e4ndern unter: www.twitter.com\/account\/settings.<\/p>\n<p><strong>Verwendung von Instagram Social Plugins<\/strong><\/p>\n<p>Die verantwortliche Stelle verwendet auf ihrer Website Social Plugins (\u201ePlugins\u201c) von Instagram, das von der Instagram LLC<em>., <\/em>1601 Willow Road, Menlo Park, CA 94025, USA (\u201eInstagram\u201c) betrieben wird. Die Plugins sind mit einem Instagram-Logo beispielsweise in Form einer \u201eInstagram-Kamera\u201c gekennzeichnet. Eine \u00dcbersicht \u00fcber die Instagram Plugins und deren Aussehen finden Sie hier:<\/p>\n<p>http:\/\/blog.instagram.com\/post\/36222022872\/introducing-instagram-badges<\/p>\n<p>Wenn Sie eine Seite unseres Webauftritts aufrufen, die ein solches Plugin enth\u00e4lt, stellt Ihr Browser eine direkte Verbindung zu den Servern von Instagram her. Der Inhalt des Plugins wird von Instagram direkt an Ihren Browser \u00fcbermittelt und in die Seite eingebunden. Durch diese Einbindung erh\u00e4lt Instagram die Information, dass Ihr Browser die entsprechende Seite unseres Webauftritts aufgerufen hat, auch wenn Sie kein Instagram-Profil besitzen oder gerade nicht bei Instagram eingeloggt sind. Diese Information (einschlie\u00dflich Ihrer IP-Adresse) wird von Ihrem Browser direkt an einen Server von Instagram in die USA \u00fcbermittelt und dort gespeichert.<\/p>\n<p>Sind Sie bei Instagram eingeloggt, kann Instagram den Besuch unserer Website Ihrem Instagram-Account unmittelbar zuordnen. Wenn Sie mit den Plugins interagieren, zum Beispiel das \u201eInstagram\u201c-Button bet\u00e4tigen, wird diese Information ebenfalls direkt an einen Server von Instagram \u00fcbermittelt und dort gespeichert. Die Informationen werden au\u00dferdem auf Ihrem Instagram-Account ver\u00f6ffentlicht und dort Ihren Kontakten angezeigt.<\/p>\n<p>Zweck und Umfang der Datenerhebung und die weitere Verarbeitung und Nutzung der Daten durch Instagram sowie Ihre diesbez\u00fcglichen Rechte und Einstellungsm\u00f6glichkeiten zum Schutz Ihrer Privatsph\u00e4re entnehmen Sie bitte den Datenschutzhinweisen von Instagram:<\/p>\n<p>https:\/\/help.instagram.com\/155833707900388\/<\/p>\n<p>Wenn Sie nicht m\u00f6chten, dass Instagram die \u00fcber unseren Webauftritt gesammelten Daten unmittelbar Ihrem Instagram-Account zuordnet, m\u00fcssen Sie sich vor Ihrem Besuch unserer Website bei Instagram ausloggen. Sie k\u00f6nnen das Laden der Instagram Plugins auch mit Add-Ons f\u00fcr Ihren Browser komplett verhindern, z.B. mit dem Skript-Blocker \u201eNoScript\u201c (http:\/\/noscript.net\/).<\/p>\n<p><strong>Verwendung von YouTube-Plugins<\/strong><\/p>\n<p>Die verantwortliche Stelle nutzt f\u00fcr die Einbindung von Videos u.a. den Anbieter YouTube. YouTube wird betrieben von YouTube LLC mit Hauptgesch\u00e4ftssitz in 901 Cherry Avenue, San Bruno, CA 94066, USA. YouTube wird vertreten durch Google Inc. mit Sitz in 1600 Amphitheatre Parkway, Mountain View, CA 94043, USA.<\/p>\n<p>Die verantwortliche Stelle verwendet auf ihrer Website Plugins des Anbieters YouTube. Wenn Sie unsere mit einem YouTube Plugin versehene Internetpr\u00e4senz aufrufen wird eine Verbindung zu den Servern von YouTube hergestellt. Hierdurch wird an den YouTube-Server \u00fcbermittelt, welche Internetseiten Sie besucht haben.<\/p>\n<p>Sind Sie dabei als Mitglied bei YouTube eingeloggt, ordnet YouTube diese Information Ihrem pers\u00f6nlichen Benutzerkonto zu. Bei Nutzung des Plugins wie z.B. Anklicken des Start-Buttons eines Videos wird diese Information ebenfalls Ihrem Benutzerkonto zugeordnet.<\/p>\n<p>Sie k\u00f6nnen diese Zuordnung verhindern, indem Sie sich vor der Nutzung unserer Internetseite aus ihrem YouTube-Benutzerkonto sowie anderen Benutzerkonten der Firmen YouTube LLC und Google Inc. abmelden und die entsprechenden Cookies der Firmen l\u00f6schen.<\/p>\n<p>Weitere Informationen zur Datenverarbeitung und Hinweise zum Datenschutz durch YouTube (Google) finden Sie unter www.google.de\/intl\/de\/policies\/privacy\/.<\/p>\n<p><strong>Weitere Informationen und Kontakte<\/strong><\/p>\n<p>Wenn Sie weitere Fragen zum Thema \u201cDatenschutz bei der verantwortlichen Stelle\u201d haben, wenden Sie sich an den Datenschutzbeauftragten des SVH. Sie k\u00f6nnen erfragen, welche Ihrer Daten bei uns gespeichert sind. Dar\u00fcber hinaus k\u00f6nnen Sie Ausk\u00fcnfte, L\u00f6schungs- und Berichtigungsw\u00fcnsche zu Ihren Daten und gerne auch Anregungen jederzeit per Brief senden:<\/p>\n","protected":false},"excerpt":{"rendered":"<p>Datenschutz \/ Impressum Sport-Verein Hirten e.V. (im Folgenden SVH) Anschrift: Eschenstra\u00dfe 84508 Hirten Vorstand: Vorsitzender: Herbert Hamberger USt.-IdNr.: DE 141\/110\/81604 Inhaltlich Verantwortlicher gem\u00e4\u00df \u00a7 7 TMG: Herbert Hamberger Webmaster und Design: Bernd Hausladen Diensteanbieter im Sinne des RStV\/TMG: Sport-Verein Hirten e.V. Eschenstra\u00dfe 84508 Hirten Copyright Falls nicht anders angegeben, unterliegen alle Seiten des Webangebots des &hellip; <\/p>\n<p class=\"link-more\"><a href=\"https:\/\/www.sv-hirten.de\/wordpress\/datenschutzerklaerung\/\" class=\"more-link\"><span class=\"screen-reader-text\">\u201eDatenschutz \/ Impressum\u201c<\/span> weiterlesen<\/a><\/p>\n","protected":false},"author":1,"featured_media":0,"parent":0,"menu_order":6,"comment_status":"closed","ping_status":"closed","template":"","meta":{"footnotes":""},"class_list":["post-3","page","type-page","status-publish","hentry"],"_links":{"self":[{"href":"https:\/\/www.sv-hirten.de\/wordpress\/wp-json\/wp\/v2\/pages\/3","targetHints":{"allow":["GET"]}}],"collection":[{"href":"https:\/\/www.sv-hirten.de\/wordpress\/wp-json\/wp\/v2\/pages"}],"about":[{"href":"https:\/\/www.sv-hirten.de\/wordpress\/wp-json\/wp\/v2\/types\/page"}],"author":[{"embeddable":true,"href":"https:\/\/www.sv-hirten.de\/wordpress\/wp-json\/wp\/v2\/users\/1"}],"replies":[{"embeddable":true,"href":"https:\/\/www.sv-hirten.de\/wordpress\/wp-json\/wp\/v2\/comments?post=3"}],"version-history":[{"count":12,"href":"https:\/\/www.sv-hirten.de\/wordpress\/wp-json\/wp\/v2\/pages\/3\/revisions"}],"predecessor-version":[{"id":946,"href":"https:\/\/www.sv-hirten.de\/wordpress\/wp-json\/wp\/v2\/pages\/3\/revisions\/946"}],"wp:attachment":[{"href":"https:\/\/www.sv-hirten.de\/wordpress\/wp-json\/wp\/v2\/media?parent=3"}],"curies":[{"name":"wp","href":"https:\/\/api.w.org\/{rel}","templated":true}]}}